{"id":6057,"date":"2024-07-15T13:06:43","date_gmt":"2024-07-15T13:06:43","guid":{"rendered":"https:\/\/demo.awaikenthemes.com\/physiocare\/?page_id=6057"},"modified":"2026-03-31T05:06:32","modified_gmt":"2026-03-31T05:06:32","slug":"manual-therapy","status":"publish","type":"page","link":"https:\/\/www.meduswiat.pl\/?page_id=6057","title":{"rendered":"Logopedia"},"content":{"rendered":"\t\t<div data-elementor-type=\"wp-page\" data-elementor-id=\"6057\" class=\"elementor elementor-6057\">\n\t\t\t\t<div class=\"elementor-element elementor-element-e5723c2 e-flex e-con-boxed e-con e-parent\" data-id=\"e5723c2\" data-element_type=\"container\" data-e-type=\"container\" data-settings=\"{&quot;background_background&quot;:&quot;classic&quot;}\">\n\t\t\t\t\t<div class=\"e-con-inner\">\n\t\t<div class=\"elementor-element elementor-element-54b7a3c e-con-full e-flex e-con e-child\" data-id=\"54b7a3c\" data-element_type=\"container\" data-e-type=\"container\">\n\t\t\t\t<div class=\"elementor-element elementor-element-19c6535 at-heading-animation at-animation-heading-style-2 elementor-widget elementor-widget-heading\" data-id=\"19c6535\" data-element_type=\"widget\" data-e-type=\"widget\" data-settings=\"{&quot;ekit_we_effect_on&quot;:&quot;none&quot;}\" data-widget_type=\"heading.default\">\n\t\t\t\t\t<h1 class=\"elementor-heading-title elementor-size-default\">Logopedia<\/h1>\t\t\t\t<\/div>\n\t\t\t\t<\/div>\n\t\t<div class=\"elementor-element elementor-element-ee96c19 e-con-full e-flex e-con e-child\" data-id=\"ee96c19\" data-element_type=\"container\" data-e-type=\"container\">\n\t\t<div class=\"elementor-element elementor-element-2d8b161 e-con-full e-flex e-con e-child\" data-id=\"2d8b161\" data-element_type=\"container\" data-e-type=\"container\" data-settings=\"{&quot;background_background&quot;:&quot;classic&quot;}\">\n\t\t<div class=\"elementor-element elementor-element-68ed112 e-con-full e-flex e-con e-child\" data-id=\"68ed112\" data-element_type=\"container\" data-e-type=\"container\">\n\t\t\t\t<div class=\"elementor-element elementor-element-df0d51e elementor-widget-mobile__width-initial image-anime elementor-widget__width-initial at-image-animation at-animation-image-style-1 elementor-widget elementor-widget-image\" data-id=\"df0d51e\" data-element_type=\"widget\" data-e-type=\"widget\" data-settings=\"{&quot;ekit_we_effect_on&quot;:&quot;none&quot;}\" data-widget_type=\"image.default\">\n\t\t\t\t\t\t\t\t\t\t\t\t\t\t\t<img fetchpriority=\"high\" decoding=\"async\" width=\"1179\" height=\"2045\" src=\"https:\/\/www.meduswiat.pl\/wp-content\/uploads\/2026\/02\/IMG_5334.jpeg\" class=\"attachment-full size-full wp-image-7050\" alt=\"\" srcset=\"https:\/\/www.meduswiat.pl\/wp-content\/uploads\/2026\/02\/IMG_5334.jpeg 1179w, https:\/\/www.meduswiat.pl\/wp-content\/uploads\/2026\/02\/IMG_5334-173x300.jpeg 173w, https:\/\/www.meduswiat.pl\/wp-content\/uploads\/2026\/02\/IMG_5334-590x1024.jpeg 590w, https:\/\/www.meduswiat.pl\/wp-content\/uploads\/2026\/02\/IMG_5334-768x1332.jpeg 768w, https:\/\/www.meduswiat.pl\/wp-content\/uploads\/2026\/02\/IMG_5334-886x1536.jpeg 886w\" sizes=\"(max-width: 1179px) 100vw, 1179px\" \/>\t\t\t\t\t\t\t\t\t\t\t\t\t\t\t<\/div>\n\t\t\t\t<div class=\"elementor-element elementor-element-a3d2baa elementor-widget-mobile__width-initial image-anime elementor-widget__width-initial at-image-animation at-animation-image-style-1 elementor-widget elementor-widget-image\" data-id=\"a3d2baa\" data-element_type=\"widget\" data-e-type=\"widget\" data-settings=\"{&quot;ekit_we_effect_on&quot;:&quot;none&quot;}\" data-widget_type=\"image.default\">\n\t\t\t\t\t\t\t\t\t\t\t\t\t\t\t<img decoding=\"async\" width=\"1179\" height=\"2049\" src=\"https:\/\/www.meduswiat.pl\/wp-content\/uploads\/2026\/02\/IMG_5340.jpeg\" class=\"attachment-full size-full wp-image-7023\" alt=\"\" srcset=\"https:\/\/www.meduswiat.pl\/wp-content\/uploads\/2026\/02\/IMG_5340.jpeg 1179w, https:\/\/www.meduswiat.pl\/wp-content\/uploads\/2026\/02\/IMG_5340-173x300.jpeg 173w, https:\/\/www.meduswiat.pl\/wp-content\/uploads\/2026\/02\/IMG_5340-589x1024.jpeg 589w, https:\/\/www.meduswiat.pl\/wp-content\/uploads\/2026\/02\/IMG_5340-768x1335.jpeg 768w, https:\/\/www.meduswiat.pl\/wp-content\/uploads\/2026\/02\/IMG_5340-884x1536.jpeg 884w\" sizes=\"(max-width: 1179px) 100vw, 1179px\" \/>\t\t\t\t\t\t\t\t\t\t\t\t\t\t\t<\/div>\n\t\t\t\t<\/div>\n\t\t<div class=\"elementor-element elementor-element-b7044fa e-con-full e-flex e-con e-child\" data-id=\"b7044fa\" data-element_type=\"container\" data-e-type=\"container\">\n\t\t\t\t<div class=\"elementor-element elementor-element-412c547 elementor-invisible elementor-widget elementor-widget-text-editor\" data-id=\"412c547\" data-element_type=\"widget\" data-e-type=\"widget\" data-settings=\"{&quot;_animation&quot;:&quot;fadeInUp&quot;,&quot;_animation_delay&quot;:100,&quot;ekit_we_effect_on&quot;:&quot;none&quot;}\" data-widget_type=\"text-editor.default\">\n\t\t\t\t\t\t\t\t\t<p>Specjalista, kt\u00f3ry diagnozuje i prowadzi terapi\u0119 zaburze\u0144\u00a0 mowy, artykulacji, komunikacji i g\u0142osu. Pomaga dzieciom i doros\u0142ym rozwija\u0107 prawid\u0142ow\u0105 wymow\u0119, rozumienie, p\u0142ynno\u015b\u0107 m\u00f3wienia oraz skuteczne porozumiewanie si\u0119. Wspiera tak\u017ce rozw\u00f3j j\u0119zykowy i usuwa wady wymowy.<\/p><p>W swojej pracy specjalizuje si\u0119 w:<\/p>\t\t\t\t\t\t\t\t<\/div>\n\t\t\t\t<div class=\"elementor-element elementor-element-6f3e6e6 elementor-align-start elementor-icon-list--layout-traditional elementor-list-item-link-full_width elementor-invisible elementor-widget elementor-widget-icon-list\" data-id=\"6f3e6e6\" data-element_type=\"widget\" data-e-type=\"widget\" data-settings=\"{&quot;_animation&quot;:&quot;fadeInUp&quot;,&quot;_animation_delay&quot;:200,&quot;ekit_we_effect_on&quot;:&quot;none&quot;}\" data-widget_type=\"icon-list.default\">\n\t\t\t\t\t\t\t<ul class=\"elementor-icon-list-items\">\n\t\t\t\t\t\t\t<li class=\"elementor-icon-list-item\">\n\t\t\t\t\t\t\t\t\t\t\t<span class=\"elementor-icon-list-icon\">\n\t\t\t\t\t\t\t<i aria-hidden=\"true\" class=\"fas fa-check-circle\"><\/i>\t\t\t\t\t\t<\/span>\n\t\t\t\t\t\t\t\t\t\t<span class=\"elementor-icon-list-text\">Terapii dyslalii <\/span>\n\t\t\t\t\t\t\t\t\t<\/li>\n\t\t\t\t\t\t\t\t<li class=\"elementor-icon-list-item\">\n\t\t\t\t\t\t\t\t\t\t\t<span class=\"elementor-icon-list-icon\">\n\t\t\t\t\t\t\t<i aria-hidden=\"true\" class=\"fas fa-check-circle\"><\/i>\t\t\t\t\t\t<\/span>\n\t\t\t\t\t\t\t\t\t\t<span class=\"elementor-icon-list-text\">Wspieraniu op\u00f3\u017anionego rozwoju mowy<\/span>\n\t\t\t\t\t\t\t\t\t<\/li>\n\t\t\t\t\t\t\t\t<li class=\"elementor-icon-list-item\">\n\t\t\t\t\t\t\t\t\t\t\t<span class=\"elementor-icon-list-icon\">\n\t\t\t\t\t\t\t<i aria-hidden=\"true\" class=\"fas fa-check-circle\"><\/i>\t\t\t\t\t\t<\/span>\n\t\t\t\t\t\t\t\t\t\t<span class=\"elementor-icon-list-text\">Diagnozie i terapii niep\u0142ynno\u015bci mowy (j\u0105kania, mutyzmu) oraz konsultacjach w zakresie w\u0119dzide\u0142ka<\/span>\n\t\t\t\t\t\t\t\t\t<\/li>\n\t\t\t\t\t\t\t\t<li class=\"elementor-icon-list-item\">\n\t\t\t\t\t\t\t\t\t\t\t<span class=\"elementor-icon-list-icon\">\n\t\t\t\t\t\t\t<i aria-hidden=\"true\" class=\"fas fa-check-circle\"><\/i>\t\t\t\t\t\t<\/span>\n\t\t\t\t\t\t\t\t\t\t<span class=\"elementor-icon-list-text\">Prowadzeniu elektrostymulacji<\/span>\n\t\t\t\t\t\t\t\t\t<\/li>\n\t\t\t\t\t\t\t\t<li class=\"elementor-icon-list-item\">\n\t\t\t\t\t\t\t\t\t\t\t<span class=\"elementor-icon-list-icon\">\n\t\t\t\t\t\t\t<i aria-hidden=\"true\" class=\"fas fa-check-circle\"><\/i>\t\t\t\t\t\t<\/span>\n\t\t\t\t\t\t\t\t\t\t<span class=\"elementor-icon-list-text\">Diagnozie zaburze\u0144 przetwarzania s\u0142uchowego<\/span>\n\t\t\t\t\t\t\t\t\t<\/li>\n\t\t\t\t\t\t\t\t<li class=\"elementor-icon-list-item\">\n\t\t\t\t\t\t\t\t\t\t\t<span class=\"elementor-icon-list-icon\">\n\t\t\t\t\t\t\t<i aria-hidden=\"true\" class=\"fas fa-check-circle\"><\/i>\t\t\t\t\t\t<\/span>\n\t\t\t\t\t\t\t\t\t\t<span class=\"elementor-icon-list-text\">Prowadzeniu trening\u00f3w s\u0142uchowych<\/span>\n\t\t\t\t\t\t\t\t\t<\/li>\n\t\t\t\t\t\t\t\t<li class=\"elementor-icon-list-item\">\n\t\t\t\t\t\t\t\t\t\t\t<span class=\"elementor-icon-list-icon\">\n\t\t\t\t\t\t\t<i aria-hidden=\"true\" class=\"fas fa-check-circle\"><\/i>\t\t\t\t\t\t<\/span>\n\t\t\t\t\t\t\t\t\t\t<span class=\"elementor-icon-list-text\">Terapii miofunkcjonalnej wspieraj\u0105cej leczenie ortodontyczne<\/span>\n\t\t\t\t\t\t\t\t\t<\/li>\n\t\t\t\t\t\t\t\t<li class=\"elementor-icon-list-item\">\n\t\t\t\t\t\t\t\t\t\t\t<span class=\"elementor-icon-list-icon\">\n\t\t\t\t\t\t\t<i aria-hidden=\"true\" class=\"fas fa-check-circle\"><\/i>\t\t\t\t\t\t<\/span>\n\t\t\t\t\t\t\t\t\t\t<span class=\"elementor-icon-list-text\">Terapii r\u0119ki <\/span>\n\t\t\t\t\t\t\t\t\t<\/li>\n\t\t\t\t\t\t\t\t<li class=\"elementor-icon-list-item\">\n\t\t\t\t\t\t\t\t\t\t\t<span class=\"elementor-icon-list-icon\">\n\t\t\t\t\t\t\t<i aria-hidden=\"true\" class=\"fas fa-check-circle\"><\/i>\t\t\t\t\t\t<\/span>\n\t\t\t\t\t\t\t\t\t\t<span class=\"elementor-icon-list-text\">Diagnozie lateralizacji<\/span>\n\t\t\t\t\t\t\t\t\t<\/li>\n\t\t\t\t\t\t\t\t<li class=\"elementor-icon-list-item\">\n\t\t\t\t\t\t\t\t\t\t\t<span class=\"elementor-icon-list-icon\">\n\t\t\t\t\t\t\t<i aria-hidden=\"true\" class=\"fas fa-check-circle\"><\/i>\t\t\t\t\t\t<\/span>\n\t\t\t\t\t\t\t\t\t\t<span class=\"elementor-icon-list-text\">Nauce czytania i pisania<\/span>\n\t\t\t\t\t\t\t\t\t<\/li>\n\t\t\t\t\t\t\t\t<li class=\"elementor-icon-list-item\">\n\t\t\t\t\t\t\t\t\t\t\t<span class=\"elementor-icon-list-icon\">\n\t\t\t\t\t\t\t<i aria-hidden=\"true\" class=\"fas fa-check-circle\"><\/i>\t\t\t\t\t\t<\/span>\n\t\t\t\t\t\t\t\t\t\t<span class=\"elementor-icon-list-text\">Prowadzeniu trening\u00f3w umiej\u0119tno\u015bci spo\u0142ecznych (TUS)<\/span>\n\t\t\t\t\t\t\t\t\t<\/li>\n\t\t\t\t\t\t<\/ul>\n\t\t\t\t\t\t<\/div>\n\t\t\t\t<\/div>\n\t\t\t\t<\/div>\n\t\t\t\t<\/div>\n\t\t\t\t\t<\/div>\n\t\t\t\t<\/div>\n\t\t\t\t<\/div>\n\t\t","protected":false},"excerpt":{"rendered":"<p>Logopedia Specjalista, kt\u00f3ry diagnozuje i prowadzi terapi\u0119 zaburze\u0144\u00a0 mowy, artykulacji, komunikacji i [&hellip;]<\/p>\n","protected":false},"author":1,"featured_media":0,"parent":3454,"menu_order":0,"comment_status":"closed","ping_status":"closed","template":"elementor_header_footer","meta":{"footnotes":""},"class_list":["post-6057","page","type-page","status-publish","hentry"],"_links":{"self":[{"href":"https:\/\/www.meduswiat.pl\/index.php?rest_route=\/wp\/v2\/pages\/6057","targetHints":{"allow":["GET"]}}],"collection":[{"href":"https:\/\/www.meduswiat.pl\/index.php?rest_route=\/wp\/v2\/pages"}],"about":[{"href":"https:\/\/www.meduswiat.pl\/index.php?rest_route=\/wp\/v2\/types\/page"}],"author":[{"embeddable":true,"href":"https:\/\/www.meduswiat.pl\/index.php?rest_route=\/wp\/v2\/users\/1"}],"replies":[{"embeddable":true,"href":"https:\/\/www.meduswiat.pl\/index.php?rest_route=%2Fwp%2Fv2%2Fcomments&post=6057"}],"version-history":[{"count":77,"href":"https:\/\/www.meduswiat.pl\/index.php?rest_route=\/wp\/v2\/pages\/6057\/revisions"}],"predecessor-version":[{"id":8197,"href":"https:\/\/www.meduswiat.pl\/index.php?rest_route=\/wp\/v2\/pages\/6057\/revisions\/8197"}],"up":[{"embeddable":true,"href":"https:\/\/www.meduswiat.pl\/index.php?rest_route=\/wp\/v2\/pages\/3454"}],"wp:attachment":[{"href":"https:\/\/www.meduswiat.pl\/index.php?rest_route=%2Fwp%2Fv2%2Fmedia&parent=6057"}],"curies":[{"name":"wp","href":"https:\/\/api.w.org\/{rel}","templated":true}]}}