{"id":6070,"date":"2024-07-15T13:04:22","date_gmt":"2024-07-15T13:04:22","guid":{"rendered":"https:\/\/demo.awaikenthemes.com\/physiocare\/?page_id=6070"},"modified":"2026-03-30T13:34:24","modified_gmt":"2026-03-30T13:34:24","slug":"sports-therapy","status":"publish","type":"page","link":"https:\/\/www.meduswiat.pl\/?page_id=6070","title":{"rendered":"Fizjoterapeuta"},"content":{"rendered":"\t\t<div data-elementor-type=\"wp-page\" data-elementor-id=\"6070\" class=\"elementor elementor-6070\">\n\t\t\t\t<div class=\"elementor-element elementor-element-e5723c2 e-flex e-con-boxed e-con e-parent\" data-id=\"e5723c2\" data-element_type=\"container\" data-e-type=\"container\" data-settings=\"{&quot;background_background&quot;:&quot;classic&quot;}\">\n\t\t\t\t\t<div class=\"e-con-inner\">\n\t\t<div class=\"elementor-element elementor-element-54b7a3c e-con-full e-flex e-con e-child\" data-id=\"54b7a3c\" data-element_type=\"container\" data-e-type=\"container\">\n\t\t\t\t<div class=\"elementor-element elementor-element-19c6535 at-heading-animation at-animation-heading-style-2 elementor-widget elementor-widget-heading\" data-id=\"19c6535\" data-element_type=\"widget\" data-e-type=\"widget\" data-settings=\"{&quot;ekit_we_effect_on&quot;:&quot;none&quot;}\" data-widget_type=\"heading.default\">\n\t\t\t\t\t<h1 class=\"elementor-heading-title elementor-size-default\">Fizjoterapia<\/h1>\t\t\t\t<\/div>\n\t\t\t\t<\/div>\n\t\t\t\t\t<\/div>\n\t\t\t\t<\/div>\n\t\t<div class=\"elementor-element elementor-element-147fbd3 e-flex e-con-boxed e-con e-parent\" data-id=\"147fbd3\" data-element_type=\"container\" data-e-type=\"container\">\n\t\t\t\t\t<div class=\"e-con-inner\">\n\t\t<div class=\"elementor-element elementor-element-8f2f599 e-con-full e-flex e-con e-child\" data-id=\"8f2f599\" data-element_type=\"container\" data-e-type=\"container\">\n\t\t<div class=\"elementor-element elementor-element-d7cb4af e-con-full e-flex e-con e-child\" data-id=\"d7cb4af\" data-element_type=\"container\" data-e-type=\"container\">\n\t\t\t\t<div class=\"elementor-element elementor-element-107724e service-featured-img image-anime at-image-animation at-animation-image-style-1 elementor-widget elementor-widget-image\" data-id=\"107724e\" data-element_type=\"widget\" data-e-type=\"widget\" data-settings=\"{&quot;ekit_we_effect_on&quot;:&quot;none&quot;}\" data-widget_type=\"image.default\">\n\t\t\t\t\t\t\t\t\t\t\t\t\t\t\t<img fetchpriority=\"high\" decoding=\"async\" width=\"1200\" height=\"800\" src=\"https:\/\/www.meduswiat.pl\/wp-content\/uploads\/2024\/07\/service-single-img.jpg\" class=\"attachment-full size-full wp-image-2680\" alt=\"\" srcset=\"https:\/\/www.meduswiat.pl\/wp-content\/uploads\/2024\/07\/service-single-img.jpg 1200w, https:\/\/www.meduswiat.pl\/wp-content\/uploads\/2024\/07\/service-single-img-300x200.jpg 300w, https:\/\/www.meduswiat.pl\/wp-content\/uploads\/2024\/07\/service-single-img-1024x683.jpg 1024w, https:\/\/www.meduswiat.pl\/wp-content\/uploads\/2024\/07\/service-single-img-768x512.jpg 768w\" sizes=\"(max-width: 1200px) 100vw, 1200px\" \/>\t\t\t\t\t\t\t\t\t\t\t\t\t\t\t<\/div>\n\t\t\t\t<\/div>\n\t\t<div class=\"elementor-element elementor-element-d016baa e-con-full e-flex e-con e-child\" data-id=\"d016baa\" data-element_type=\"container\" data-e-type=\"container\">\n\t\t\t\t<div class=\"elementor-element elementor-element-47bb246 elementor-invisible elementor-widget elementor-widget-text-editor\" data-id=\"47bb246\" data-element_type=\"widget\" data-e-type=\"widget\" data-settings=\"{&quot;_animation&quot;:&quot;fadeInUp&quot;,&quot;_animation_delay&quot;:100,&quot;ekit_we_effect_on&quot;:&quot;none&quot;}\" data-widget_type=\"text-editor.default\">\n\t\t\t\t\t\t\t\t\t<p>Specjalista zajmuj\u0105cy si\u0119 diagnozowaniem i leczeniem dysfunkcji narz\u0105du ruchu oraz dolegliwo\u015bci b\u00f3lowych. Poprawia sprawno\u015b\u0107, mobilno\u015b\u0107 i funkcjonowanie pacjenta poprzez terapi\u0119 manualn\u0105, \u0107wiczenia oraz techniki wspieraj\u0105ce regeneracj\u0119. Pomaga wr\u00f3ci\u0107 do pe\u0142nej aktywno\u015bci po urazach, przeci\u0105\u017ceniach, operacjach oraz w przypadku przewlek\u0142ych b\u00f3l\u00f3w mi\u0119\u015bniowo-szkieletowych.<\/p>\n<p>W Medu \u015awiecie specjalista skupia si\u0119\u00a0g\u0142\u00f3wnie na specjalistycznej terapii b\u00f3lu i dysfunkcji staw\u00f3w skroniowo-\u017cuchwowych, mi\u0119\u015bni \u017cucia oraz napi\u0119\u0107 w obr\u0119bie twarzy, szyi i g\u0142owy. Pomaga w ograniczeniu b\u00f3lu, poprawie ruchomo\u015bci \u017cuchwy, redukcji napi\u0119\u0107, bruksizmu oraz przywr\u00f3ceniu prawid\u0142owego funkcjonowania uk\u0142adu \u017cucia.<\/p>\t\t\t\t\t\t\t\t<\/div>\n\t\t\t\t<\/div>\n\t\t<div class=\"elementor-element elementor-element-28323e1 e-con-full e-flex elementor-invisible e-con e-child\" data-id=\"28323e1\" data-element_type=\"container\" data-e-type=\"container\" data-settings=\"{&quot;animation&quot;:&quot;fadeInUp&quot;,&quot;animation_delay&quot;:500}\">\n\t\t\t\t<div class=\"elementor-element elementor-element-b2a0ecd image-anime service-entry-img at-image-animation at-animation-image-style-1 elementor-widget__width-initial elementor-widget-mobile__width-inherit elementor-widget elementor-widget-image\" data-id=\"b2a0ecd\" data-element_type=\"widget\" data-e-type=\"widget\" data-settings=\"{&quot;ekit_we_effect_on&quot;:&quot;none&quot;}\" data-widget_type=\"image.default\">\n\t\t\t\t\t\t\t\t\t\t\t\t\t\t\t<img decoding=\"async\" width=\"424\" height=\"275\" src=\"https:\/\/www.meduswiat.pl\/wp-content\/uploads\/2024\/07\/service-entry-img-1.jpg\" class=\"attachment-full size-full wp-image-2794\" alt=\"\" srcset=\"https:\/\/www.meduswiat.pl\/wp-content\/uploads\/2024\/07\/service-entry-img-1.jpg 424w, https:\/\/www.meduswiat.pl\/wp-content\/uploads\/2024\/07\/service-entry-img-1-300x195.jpg 300w\" sizes=\"(max-width: 424px) 100vw, 424px\" \/>\t\t\t\t\t\t\t\t\t\t\t\t\t\t\t<\/div>\n\t\t\t\t<div class=\"elementor-element elementor-element-ac79d31 image-anime service-entry-img at-image-animation at-animation-image-style-1 elementor-widget__width-initial elementor-widget-mobile__width-inherit elementor-widget elementor-widget-image\" data-id=\"ac79d31\" data-element_type=\"widget\" data-e-type=\"widget\" data-settings=\"{&quot;ekit_we_effect_on&quot;:&quot;none&quot;}\" data-widget_type=\"image.default\">\n\t\t\t\t\t\t\t\t\t\t\t\t\t\t\t<img decoding=\"async\" width=\"424\" height=\"275\" src=\"https:\/\/www.meduswiat.pl\/wp-content\/uploads\/2024\/07\/service-entry-img-2.jpg\" class=\"attachment-full size-full wp-image-2795\" alt=\"\" srcset=\"https:\/\/www.meduswiat.pl\/wp-content\/uploads\/2024\/07\/service-entry-img-2.jpg 424w, https:\/\/www.meduswiat.pl\/wp-content\/uploads\/2024\/07\/service-entry-img-2-300x195.jpg 300w\" sizes=\"(max-width: 424px) 100vw, 424px\" \/>\t\t\t\t\t\t\t\t\t\t\t\t\t\t\t<\/div>\n\t\t\t\t<\/div>\n\t\t\t\t<\/div>\n\t\t\t\t\t<\/div>\n\t\t\t\t<\/div>\n\t\t\t\t<\/div>\n\t\t","protected":false},"excerpt":{"rendered":"<p>Fizjoterapia Specjalista zajmuj\u0105cy si\u0119 diagnozowaniem i leczeniem dysfunkcji narz\u0105du ruchu oraz dolegliwo\u015bci [&hellip;]<\/p>\n","protected":false},"author":1,"featured_media":0,"parent":3454,"menu_order":0,"comment_status":"closed","ping_status":"closed","template":"elementor_header_footer","meta":{"footnotes":""},"class_list":["post-6070","page","type-page","status-publish","hentry"],"_links":{"self":[{"href":"https:\/\/www.meduswiat.pl\/index.php?rest_route=\/wp\/v2\/pages\/6070","targetHints":{"allow":["GET"]}}],"collection":[{"href":"https:\/\/www.meduswiat.pl\/index.php?rest_route=\/wp\/v2\/pages"}],"about":[{"href":"https:\/\/www.meduswiat.pl\/index.php?rest_route=\/wp\/v2\/types\/page"}],"author":[{"embeddable":true,"href":"https:\/\/www.meduswiat.pl\/index.php?rest_route=\/wp\/v2\/users\/1"}],"replies":[{"embeddable":true,"href":"https:\/\/www.meduswiat.pl\/index.php?rest_route=%2Fwp%2Fv2%2Fcomments&post=6070"}],"version-history":[{"count":25,"href":"https:\/\/www.meduswiat.pl\/index.php?rest_route=\/wp\/v2\/pages\/6070\/revisions"}],"predecessor-version":[{"id":8118,"href":"https:\/\/www.meduswiat.pl\/index.php?rest_route=\/wp\/v2\/pages\/6070\/revisions\/8118"}],"up":[{"embeddable":true,"href":"https:\/\/www.meduswiat.pl\/index.php?rest_route=\/wp\/v2\/pages\/3454"}],"wp:attachment":[{"href":"https:\/\/www.meduswiat.pl\/index.php?rest_route=%2Fwp%2Fv2%2Fmedia&parent=6070"}],"curies":[{"name":"wp","href":"https:\/\/api.w.org\/{rel}","templated":true}]}}