{"id":8109,"date":"2026-03-30T13:30:54","date_gmt":"2026-03-30T13:30:54","guid":{"rendered":"https:\/\/www.meduswiat.pl\/?page_id=8109"},"modified":"2026-03-30T14:56:31","modified_gmt":"2026-03-30T14:56:31","slug":"ortopedia","status":"publish","type":"page","link":"https:\/\/www.meduswiat.pl\/?page_id=8109","title":{"rendered":"Ortopedia"},"content":{"rendered":"\t\t<div data-elementor-type=\"wp-page\" data-elementor-id=\"8109\" class=\"elementor elementor-8109\">\n\t\t\t\t<div class=\"elementor-element elementor-element-856ff45 e-flex e-con-boxed e-con e-parent\" data-id=\"856ff45\" data-element_type=\"container\" data-e-type=\"container\">\n\t\t\t\t\t<div class=\"e-con-inner\">\n\t\t<div class=\"elementor-element elementor-element-3bb633f e-con-full e-flex e-con e-child\" data-id=\"3bb633f\" data-element_type=\"container\" data-e-type=\"container\" data-settings=\"{&quot;background_background&quot;:&quot;classic&quot;}\">\n\t\t<div class=\"elementor-element elementor-element-dc8ece4 e-con-full e-flex e-con e-child\" data-id=\"dc8ece4\" data-element_type=\"container\" data-e-type=\"container\">\n\t\t\t\t<div class=\"elementor-element elementor-element-9c1deac at-heading-animation at-animation-heading-style-2 elementor-widget elementor-widget-heading\" data-id=\"9c1deac\" data-element_type=\"widget\" data-e-type=\"widget\" data-settings=\"{&quot;ekit_we_effect_on&quot;:&quot;none&quot;}\" data-widget_type=\"heading.default\">\n\t\t\t\t\t<h1 class=\"elementor-heading-title elementor-size-default\">Ortopedia<\/h1>\t\t\t\t<\/div>\n\t\t\t\t<\/div>\n\t\t<div class=\"elementor-element elementor-element-de66004 e-con-full e-flex e-con e-child\" data-id=\"de66004\" data-element_type=\"container\" data-e-type=\"container\">\n\t\t<div class=\"elementor-element elementor-element-9f39f15 e-con-full e-flex e-con e-child\" data-id=\"9f39f15\" data-element_type=\"container\" data-e-type=\"container\" data-settings=\"{&quot;background_background&quot;:&quot;classic&quot;}\">\n\t\t<div class=\"elementor-element elementor-element-e14944b e-con-full e-flex e-con e-child\" data-id=\"e14944b\" data-element_type=\"container\" data-e-type=\"container\">\n\t\t\t\t<div class=\"elementor-element elementor-element-542ae31 elementor-widget-mobile__width-initial image-anime elementor-widget__width-initial at-image-animation at-animation-image-style-1 elementor-widget elementor-widget-image\" data-id=\"542ae31\" data-element_type=\"widget\" data-e-type=\"widget\" data-settings=\"{&quot;ekit_we_effect_on&quot;:&quot;none&quot;}\" data-widget_type=\"image.default\">\n\t\t\t\t\t\t\t\t\t\t\t\t\t\t\t<img fetchpriority=\"high\" decoding=\"async\" width=\"1707\" height=\"2560\" src=\"https:\/\/www.meduswiat.pl\/wp-content\/uploads\/2026\/03\/IMG_6607-scaled.jpg\" class=\"attachment-full size-full wp-image-8174\" alt=\"\" srcset=\"https:\/\/www.meduswiat.pl\/wp-content\/uploads\/2026\/03\/IMG_6607-scaled.jpg 1707w, https:\/\/www.meduswiat.pl\/wp-content\/uploads\/2026\/03\/IMG_6607-200x300.jpg 200w, https:\/\/www.meduswiat.pl\/wp-content\/uploads\/2026\/03\/IMG_6607-683x1024.jpg 683w, https:\/\/www.meduswiat.pl\/wp-content\/uploads\/2026\/03\/IMG_6607-768x1152.jpg 768w, https:\/\/www.meduswiat.pl\/wp-content\/uploads\/2026\/03\/IMG_6607-1024x1536.jpg 1024w, https:\/\/www.meduswiat.pl\/wp-content\/uploads\/2026\/03\/IMG_6607-1365x2048.jpg 1365w\" sizes=\"(max-width: 1707px) 100vw, 1707px\" \/>\t\t\t\t\t\t\t\t\t\t\t\t\t\t\t<\/div>\n\t\t\t\t<div class=\"elementor-element elementor-element-d0e9f90 elementor-widget-mobile__width-initial image-anime elementor-widget__width-initial at-image-animation at-animation-image-style-1 elementor-widget elementor-widget-image\" data-id=\"d0e9f90\" data-element_type=\"widget\" data-e-type=\"widget\" data-settings=\"{&quot;ekit_we_effect_on&quot;:&quot;none&quot;}\" data-widget_type=\"image.default\">\n\t\t\t\t\t\t\t\t\t\t\t\t\t\t\t<img decoding=\"async\" width=\"1707\" height=\"2560\" src=\"https:\/\/www.meduswiat.pl\/wp-content\/uploads\/2026\/03\/IMG_6609-scaled.jpg\" class=\"attachment-full size-full wp-image-8175\" alt=\"\" srcset=\"https:\/\/www.meduswiat.pl\/wp-content\/uploads\/2026\/03\/IMG_6609-scaled.jpg 1707w, https:\/\/www.meduswiat.pl\/wp-content\/uploads\/2026\/03\/IMG_6609-200x300.jpg 200w, https:\/\/www.meduswiat.pl\/wp-content\/uploads\/2026\/03\/IMG_6609-683x1024.jpg 683w, https:\/\/www.meduswiat.pl\/wp-content\/uploads\/2026\/03\/IMG_6609-768x1152.jpg 768w, https:\/\/www.meduswiat.pl\/wp-content\/uploads\/2026\/03\/IMG_6609-1024x1536.jpg 1024w, https:\/\/www.meduswiat.pl\/wp-content\/uploads\/2026\/03\/IMG_6609-1365x2048.jpg 1365w\" sizes=\"(max-width: 1707px) 100vw, 1707px\" \/>\t\t\t\t\t\t\t\t\t\t\t\t\t\t\t<\/div>\n\t\t\t\t<\/div>\n\t\t<div class=\"elementor-element elementor-element-9393068 e-con-full e-flex e-con e-child\" data-id=\"9393068\" data-element_type=\"container\" data-e-type=\"container\">\n\t\t\t\t<div class=\"elementor-element elementor-element-1137fef at-heading-animation at-animation-heading-style-2 elementor-widget elementor-widget-heading\" data-id=\"1137fef\" data-element_type=\"widget\" data-e-type=\"widget\" data-settings=\"{&quot;ekit_we_effect_on&quot;:&quot;none&quot;}\" data-widget_type=\"heading.default\">\n\t\t\t\t\t<h2 class=\"elementor-heading-title elementor-size-default\">Ortopeda \u2013  Lek. Krzysztof Pob\u0142ocki<\/h2>\t\t\t\t<\/div>\n\t\t\t\t<div class=\"elementor-element elementor-element-5d1abe8 elementor-invisible elementor-widget elementor-widget-text-editor\" data-id=\"5d1abe8\" data-element_type=\"widget\" data-e-type=\"widget\" data-settings=\"{&quot;_animation&quot;:&quot;fadeInUp&quot;,&quot;_animation_delay&quot;:100,&quot;ekit_we_effect_on&quot;:&quot;none&quot;}\" data-widget_type=\"text-editor.default\">\n\t\t\t\t\t\t\t\t\t<p>Studia medyczne uko\u0144czy\u0142 na Pomorskiej Akademii Medycznej w Szczecinie, a specjalizacj\u0119 zdobywa\u0142, pracuj\u0105c na oddziale ortopedyczno-urazowym w jednym z wi\u0119kszych szpitali specjalistycznych w wojew\u00f3dztwie zachodniopomorskim. Od pocz\u0105tku kariery zawodowej szczeg\u00f3ln\u0105 uwag\u0119 po\u015bwi\u0119ca ma\u0142oinwazyjnym technikom operacyjnym, a zw\u0142aszcza artroskopii stawu kolanowego i ramiennego.<\/p><p>To w\u0142a\u015bnie ta dziedzina daje mu najwi\u0119cej satysfakcji \u2013 nie tylko dlatego, \u017ce operacje s\u0105 bardziej precyzyjne i bezpieczne, ale te\u017c dlatego, \u017ce pozwalaj\u0105 pacjentom szybciej wraca\u0107 do sprawno\u015bci. Doktor Pob\u0142ocki leczy zar\u00f3wno urazy sportowe, jak i przewlek\u0142e problemy stawowe, kt\u00f3re cz\u0119sto utrudniaj\u0105 codzienne \u017cycie \u2013 od b\u00f3lu podczas chodzenia po ograniczenia w najprostszych ruchach.<\/p>\t\t\t\t\t\t\t\t<\/div>\n\t\t\t\t<\/div>\n\t\t\t\t<\/div>\n\t\t\t\t<div class=\"elementor-element elementor-element-e3a757f at-image-animation at-animation-image-none elementor-widget elementor-widget-image\" data-id=\"e3a757f\" data-element_type=\"widget\" data-e-type=\"widget\" data-settings=\"{&quot;ekit_we_effect_on&quot;:&quot;none&quot;}\" data-widget_type=\"image.default\">\n\t\t\t\t\t\t\t\t\t\t\t\t\t\t\t<img decoding=\"async\" width=\"800\" height=\"600\" src=\"https:\/\/www.meduswiat.pl\/wp-content\/uploads\/2026\/03\/o1.jpg\" class=\"attachment-large size-large wp-image-8179\" alt=\"\" srcset=\"https:\/\/www.meduswiat.pl\/wp-content\/uploads\/2026\/03\/o1.jpg 1024w, https:\/\/www.meduswiat.pl\/wp-content\/uploads\/2026\/03\/o1-300x225.jpg 300w, https:\/\/www.meduswiat.pl\/wp-content\/uploads\/2026\/03\/o1-768x576.jpg 768w\" sizes=\"(max-width: 800px) 100vw, 800px\" \/>\t\t\t\t\t\t\t\t\t\t\t\t\t\t\t<\/div>\n\t\t\t\t<\/div>\n\t\t\t\t<\/div>\n\t\t\t\t\t<\/div>\n\t\t\t\t<\/div>\n\t\t\t\t<\/div>\n\t\t","protected":false},"excerpt":{"rendered":"<p>Ortopedia Ortopeda \u2013 Lek. Krzysztof Pob\u0142ocki Studia medyczne uko\u0144czy\u0142 na Pomorskiej Akademii [&hellip;]<\/p>\n","protected":false},"author":1,"featured_media":0,"parent":3454,"menu_order":0,"comment_status":"closed","ping_status":"closed","template":"elementor_header_footer","meta":{"footnotes":""},"class_list":["post-8109","page","type-page","status-publish","hentry"],"_links":{"self":[{"href":"https:\/\/www.meduswiat.pl\/index.php?rest_route=\/wp\/v2\/pages\/8109","targetHints":{"allow":["GET"]}}],"collection":[{"href":"https:\/\/www.meduswiat.pl\/index.php?rest_route=\/wp\/v2\/pages"}],"about":[{"href":"https:\/\/www.meduswiat.pl\/index.php?rest_route=\/wp\/v2\/types\/page"}],"author":[{"embeddable":true,"href":"https:\/\/www.meduswiat.pl\/index.php?rest_route=\/wp\/v2\/users\/1"}],"replies":[{"embeddable":true,"href":"https:\/\/www.meduswiat.pl\/index.php?rest_route=%2Fwp%2Fv2%2Fcomments&post=8109"}],"version-history":[{"count":22,"href":"https:\/\/www.meduswiat.pl\/index.php?rest_route=\/wp\/v2\/pages\/8109\/revisions"}],"predecessor-version":[{"id":8191,"href":"https:\/\/www.meduswiat.pl\/index.php?rest_route=\/wp\/v2\/pages\/8109\/revisions\/8191"}],"up":[{"embeddable":true,"href":"https:\/\/www.meduswiat.pl\/index.php?rest_route=\/wp\/v2\/pages\/3454"}],"wp:attachment":[{"href":"https:\/\/www.meduswiat.pl\/index.php?rest_route=%2Fwp%2Fv2%2Fmedia&parent=8109"}],"curies":[{"name":"wp","href":"https:\/\/api.w.org\/{rel}","templated":true}]}}