{"id":8201,"date":"2026-03-31T05:10:12","date_gmt":"2026-03-31T05:10:12","guid":{"rendered":"https:\/\/www.meduswiat.pl\/?page_id=8201"},"modified":"2026-03-31T05:12:42","modified_gmt":"2026-03-31T05:12:42","slug":"trening-umiejetnosci-spolecznych-tus","status":"publish","type":"page","link":"https:\/\/www.meduswiat.pl\/?page_id=8201","title":{"rendered":"Trening umiej\u0119tno\u015bci spo\u0142ecznych (TUS)"},"content":{"rendered":"\t\t<div data-elementor-type=\"wp-page\" data-elementor-id=\"8201\" class=\"elementor elementor-8201\">\n\t\t\t\t<div class=\"elementor-element elementor-element-856ff45 e-flex e-con-boxed e-con e-parent\" data-id=\"856ff45\" data-element_type=\"container\" data-e-type=\"container\">\n\t\t\t\t\t<div class=\"e-con-inner\">\n\t\t<div class=\"elementor-element elementor-element-3bb633f e-con-full e-flex e-con e-child\" data-id=\"3bb633f\" data-element_type=\"container\" data-e-type=\"container\" data-settings=\"{&quot;background_background&quot;:&quot;classic&quot;}\">\n\t\t<div class=\"elementor-element elementor-element-dc8ece4 e-con-full e-flex e-con e-child\" data-id=\"dc8ece4\" data-element_type=\"container\" data-e-type=\"container\">\n\t\t\t\t<div class=\"elementor-element elementor-element-9c1deac at-heading-animation at-animation-heading-style-2 elementor-widget elementor-widget-heading\" data-id=\"9c1deac\" data-element_type=\"widget\" data-e-type=\"widget\" data-settings=\"{&quot;ekit_we_effect_on&quot;:&quot;none&quot;}\" data-widget_type=\"heading.default\">\n\t\t\t\t\t<h1 class=\"elementor-heading-title elementor-size-default\">Trening umiej\u0119tno\u015bci spo\u0142ecznych (TUS)<\/h1>\t\t\t\t<\/div>\n\t\t\t\t<\/div>\n\t\t<div class=\"elementor-element elementor-element-de66004 e-con-full e-flex e-con e-child\" data-id=\"de66004\" data-element_type=\"container\" data-e-type=\"container\">\n\t\t<div class=\"elementor-element elementor-element-9f39f15 e-con-full e-flex e-con e-child\" data-id=\"9f39f15\" data-element_type=\"container\" data-e-type=\"container\" data-settings=\"{&quot;background_background&quot;:&quot;classic&quot;}\">\n\t\t<div class=\"elementor-element elementor-element-e14944b e-con-full e-flex e-con e-child\" data-id=\"e14944b\" data-element_type=\"container\" data-e-type=\"container\">\n\t\t\t\t<div class=\"elementor-element elementor-element-0e573c8 at-image-animation at-animation-image-none elementor-widget elementor-widget-image\" data-id=\"0e573c8\" data-element_type=\"widget\" data-e-type=\"widget\" data-settings=\"{&quot;ekit_we_effect_on&quot;:&quot;none&quot;}\" data-widget_type=\"image.default\">\n\t\t\t\t\t\t\t\t\t\t\t\t\t\t\t<img fetchpriority=\"high\" decoding=\"async\" width=\"800\" height=\"800\" src=\"https:\/\/www.meduswiat.pl\/wp-content\/uploads\/2026\/03\/Projekt-bez-nazwy-3-1024x1024.png\" class=\"attachment-large size-large wp-image-8211\" alt=\"\" srcset=\"https:\/\/www.meduswiat.pl\/wp-content\/uploads\/2026\/03\/Projekt-bez-nazwy-3-1024x1024.png 1024w, https:\/\/www.meduswiat.pl\/wp-content\/uploads\/2026\/03\/Projekt-bez-nazwy-3-300x300.png 300w, https:\/\/www.meduswiat.pl\/wp-content\/uploads\/2026\/03\/Projekt-bez-nazwy-3-150x150.png 150w, https:\/\/www.meduswiat.pl\/wp-content\/uploads\/2026\/03\/Projekt-bez-nazwy-3-768x768.png 768w, https:\/\/www.meduswiat.pl\/wp-content\/uploads\/2026\/03\/Projekt-bez-nazwy-3.png 1080w\" sizes=\"(max-width: 800px) 100vw, 800px\" \/>\t\t\t\t\t\t\t\t\t\t\t\t\t\t\t<\/div>\n\t\t\t\t<\/div>\n\t\t<div class=\"elementor-element elementor-element-9393068 e-con-full e-flex e-con e-child\" data-id=\"9393068\" data-element_type=\"container\" data-e-type=\"container\">\n\t\t\t\t<div class=\"elementor-element elementor-element-5d1abe8 elementor-invisible elementor-widget elementor-widget-text-editor\" data-id=\"5d1abe8\" data-element_type=\"widget\" data-e-type=\"widget\" data-settings=\"{&quot;_animation&quot;:&quot;fadeInUp&quot;,&quot;_animation_delay&quot;:100,&quot;ekit_we_effect_on&quot;:&quot;none&quot;}\" data-widget_type=\"text-editor.default\">\n\t\t\t\t\t\t\t\t\t<p>Skupia si\u0119 na rozwijaniu umiej\u0119tno\u015bci niezb\u0119dnych do efektywnego funkcjonowania w spo\u0142ecze\u0144stwie, takich jak komunikacja, wsp\u00f3\u0142praca i rozwi\u0105zywanie konflikt\u00f3w.<\/p>\t\t\t\t\t\t\t\t<\/div>\n\t\t\t\t<\/div>\n\t\t\t\t<\/div>\n\t\t\t\t<\/div>\n\t\t\t\t<\/div>\n\t\t\t\t\t<\/div>\n\t\t\t\t<\/div>\n\t\t\t\t<\/div>\n\t\t","protected":false},"excerpt":{"rendered":"<p>Trening umiej\u0119tno\u015bci spo\u0142ecznych (TUS) Skupia si\u0119 na rozwijaniu umiej\u0119tno\u015bci niezb\u0119dnych do efektywnego [&hellip;]<\/p>\n","protected":false},"author":1,"featured_media":0,"parent":3454,"menu_order":0,"comment_status":"closed","ping_status":"closed","template":"elementor_header_footer","meta":{"footnotes":""},"class_list":["post-8201","page","type-page","status-publish","hentry"],"_links":{"self":[{"href":"https:\/\/www.meduswiat.pl\/index.php?rest_route=\/wp\/v2\/pages\/8201","targetHints":{"allow":["GET"]}}],"collection":[{"href":"https:\/\/www.meduswiat.pl\/index.php?rest_route=\/wp\/v2\/pages"}],"about":[{"href":"https:\/\/www.meduswiat.pl\/index.php?rest_route=\/wp\/v2\/types\/page"}],"author":[{"embeddable":true,"href":"https:\/\/www.meduswiat.pl\/index.php?rest_route=\/wp\/v2\/users\/1"}],"replies":[{"embeddable":true,"href":"https:\/\/www.meduswiat.pl\/index.php?rest_route=%2Fwp%2Fv2%2Fcomments&post=8201"}],"version-history":[{"count":13,"href":"https:\/\/www.meduswiat.pl\/index.php?rest_route=\/wp\/v2\/pages\/8201\/revisions"}],"predecessor-version":[{"id":8217,"href":"https:\/\/www.meduswiat.pl\/index.php?rest_route=\/wp\/v2\/pages\/8201\/revisions\/8217"}],"up":[{"embeddable":true,"href":"https:\/\/www.meduswiat.pl\/index.php?rest_route=\/wp\/v2\/pages\/3454"}],"wp:attachment":[{"href":"https:\/\/www.meduswiat.pl\/index.php?rest_route=%2Fwp%2Fv2%2Fmedia&parent=8201"}],"curies":[{"name":"wp","href":"https:\/\/api.w.org\/{rel}","templated":true}]}}